{"id":263,"date":"2021-03-08T13:02:08","date_gmt":"2021-03-08T12:02:08","guid":{"rendered":"http:\/\/uniquesevillatours.com\/preguntas-frecuentes\/"},"modified":"2021-05-07T07:42:25","modified_gmt":"2021-05-07T06:42:25","slug":"faq","status":"publish","type":"page","link":"https:\/\/uniquesevillatours.com\/es\/faq\/","title":{"rendered":"Preguntas frecuentes"},"content":{"rendered":"<section class=\"wpb-content-wrapper\"><p>[vc_row css=&#8221;.vc_custom_1613842878698{margin-top: -40px !important;}&#8221;][vc_column][vc_column_text]<\/p>\n<h3>\u00bfC\u00d3MO SE REALIZAN LAS VISITAS?<\/h3>\n<p>Todas las visitas guiadas son a pie. El casco hist\u00f3rico de Sevilla es el m\u00e1s extenso de Espa\u00f1a y uno de los tres mayores de Europa. Sin embargo, se puede recorrer muy c\u00f3modamente caminando. As\u00ed mismo, si el cliente lo necesita se puede contemplar hacer una parada durante el tour.<\/p>\n<h3>HORARIOS Y PUNTO DE ENCUENTRO<\/h3>\n<p>Normalmente comenzamos en Plaza del Triunfo, ya que est\u00e1 pr\u00f3ximo a los monumentos. No obstante, se puede acordar un punto de encuentro diferente si el cliente lo solicita. La hora ser\u00e1 acordada por el gu\u00eda y el cliente.<\/p>\n<h3>ENTRADAS A LOS MONUMENTOS Y COLAS<\/h3>\n<p>Las entradas a los monumentos no est\u00e1n incluidas en el precio de la visita guiada. Mi habilitaci\u00f3n de gu\u00eda oficial nos permite tener acceso preferente a los monumentos y por tanto no tenemos que esperar la cola general.<\/p>\n<h3>POL\u00cdTICA DE CANCELACI\u00d3N<\/h3>\n<p>Las cancelaciones deber\u00e1n comunicarse siempre v\u00eda Whatsapp o email. Las cancelaciones con menos de 48 horas de antelaci\u00f3n y los clientes que no se presenten a la visita, no tendr\u00e1n derecho a reembolso, cobr\u00e1ndose el 100% del importe de la visita, as\u00ed como el importe \u00edntegro de las entradas a monumentos que se hayan adquirido previamente. Las cancelaciones con menos de 15 d\u00edas de antelaci\u00f3n tendr\u00e1n un coste de 50\u20ac para el cliente, as\u00ed como el importe \u00edntegro de las entradas a los monumentos que se hayan adquirido previamente.<\/p>\n<p>[\/vc_column_text][\/vc_column][\/vc_row]<\/p>\n<\/section>","protected":false},"excerpt":{"rendered":"<p>[vc_row css=&#8221;.vc_custom_1613842878698{margin-top: -40px !important;}&#8221;][vc_column][vc_column_text] \u00bfC\u00d3MO SE REALIZAN LAS VISITAS? Todas las visitas guiadas son a pie. El casco hist\u00f3rico de&#8230;<\/p>\n","protected":false},"author":2,"featured_media":0,"parent":0,"menu_order":0,"comment_status":"closed","ping_status":"closed","template":"","meta":{"footnotes":""},"_links":{"self":[{"href":"https:\/\/uniquesevillatours.com\/es\/wp-json\/wp\/v2\/pages\/263"}],"collection":[{"href":"https:\/\/uniquesevillatours.com\/es\/wp-json\/wp\/v2\/pages"}],"about":[{"href":"https:\/\/uniquesevillatours.com\/es\/wp-json\/wp\/v2\/types\/page"}],"author":[{"embeddable":true,"href":"https:\/\/uniquesevillatours.com\/es\/wp-json\/wp\/v2\/users\/2"}],"replies":[{"embeddable":true,"href":"https:\/\/uniquesevillatours.com\/es\/wp-json\/wp\/v2\/comments?post=263"}],"version-history":[{"count":2,"href":"https:\/\/uniquesevillatours.com\/es\/wp-json\/wp\/v2\/pages\/263\/revisions"}],"predecessor-version":[{"id":265,"href":"https:\/\/uniquesevillatours.com\/es\/wp-json\/wp\/v2\/pages\/263\/revisions\/265"}],"wp:attachment":[{"href":"https:\/\/uniquesevillatours.com\/es\/wp-json\/wp\/v2\/media?parent=263"}],"curies":[{"name":"wp","href":"https:\/\/api.w.org\/{rel}","templated":true}]}}