{"id":282,"date":"2021-03-08T17:25:40","date_gmt":"2021-03-08T16:25:40","guid":{"rendered":"http:\/\/uniquesevillatours.com\/politica-de-privacidad\/"},"modified":"2021-05-07T07:42:37","modified_gmt":"2021-05-07T06:42:37","slug":"privacy-policy","status":"publish","type":"page","link":"https:\/\/uniquesevillatours.com\/es\/privacy-policy\/","title":{"rendered":"Pol\u00edtica de privacidad"},"content":{"rendered":"<section class=\"wpb-content-wrapper\"><p>[vc_row css=&#8221;.vc_custom_1613842677897{margin-top: -40px !important;}&#8221;][vc_column][vc_column_text]<\/p>\n<h3>\u00bfQUI\u00c9N SOY?<\/h3>\n<p>Soy Alicia Redondo, una gu\u00eda tur\u00edstica en Sevilla, Espa\u00f1a.<\/p>\n<h3>\u00bfQU\u00c9 INFORMACI\u00d3N PERSONAL RECOGEMOS Y POR QU\u00c9?<\/h3>\n<h5>COMENTARIOS<\/h5>\n<p>Cuando los visitantes comentan en el sitio recogemos la informaci\u00f3n del formulario, la IP del visitante y la cadena que identifica el navegador web para ayudar a detectar spam.<\/p>\n<p>Se crea una cadena an\u00f3nima de tu direcci\u00f3n de correo electr\u00f3nico (hash) que podr\u00eda proporcionarse a Gravatar para ver si lo est\u00e1s usando. La pol\u00edtica de privacidad de Gravatar est\u00e1 disponible en <a href=\"https:\/\/automattic.com\/privacy\/\">https:\/\/automattic.com\/privacy\/<\/a>. Tras aprobar tu comentario, tu foto de perfil es visible al p\u00fablico al lado de tu comentario.<\/p>\n<h5>MEDIOS<\/h5>\n<p>Si cargas im\u00e1genes en el sitio web, debes evitar cargar im\u00e1genes con datos de ubicaci\u00f3n incorporados (EXIF GPS) incluidos. Los visitantes del sitio web pueden descargar y extraer cualquier informaci\u00f3n de ubicaci\u00f3n de las im\u00e1genes en el sitio web.<\/p>\n<h5>FORMULARIOS DE CONTACTO<\/h5>\n<p>Guardamos tus datos personales en un sistema privado y cifrado. Usaremos estos datos s\u00f3lo para ponernos en contacto contigo.<\/p>\n<h5>COOKIES<\/h5>\n<p>Si dejas un comentario en nuestro sitio, puedes elegir guardar en cookies tu nombre, direcci\u00f3n de correo electr\u00f3nico y sitio web. Esto es para tu conveniencia y que no tengas que completar tus datos otra vez cuando dejes otro comentario. Estas cookies durar\u00e1n un a\u00f1o.<\/p>\n<h3>\u00bfCON QUI\u00c9N COMPARTIMOS TU INFORMACI\u00d3N?<\/h3>\n<p>No compartimos tu informaci\u00f3n con nadie.<\/p>\n<h3>\u00bfDURANTE CU\u00c1NTO TIEMPO GUARDAMOS TU INFORMACI\u00d3N?<\/h3>\n<p>Si dejas un comentario, el comentario y su metainformaci\u00f3n se guardan indefinidamente. Esto se hace para que podamos reconocer posteriores comentarios autom\u00e1ticamente en vez de ponerlos en la cola de aprobaci\u00f3n.<br \/>Los datos provistos por el formulario de contacto se borran por defecto en un plazo m\u00e1ximo de 12 meses.<\/p>\n<h3>\u00bfQU\u00c9 DERECHOS TIENES SOBRE TU INFORMACI\u00d3N?<\/h3>\n<p>Si has dejado comentarios, puedes pedir recibir un archivo con qu\u00e9 informaci\u00f3n personal guardamos sobre ti. Tambi\u00e9n puedes pedir que borremos cualquier dato que tengamos sobre ti. Esto no incluye cualquier informaci\u00f3n administrativa, legal o de seguridad que estemos legalmente obligados a guardar.<br \/>Si quieres ejercer alguno de tus derechos sobre tus datos, puedes mandarnos la petici\u00f3n a la direcci\u00f3n de correo <a href=\"mailto:web@uniquesevillatours.com\">web@uniquesevillatours.com<\/a>.<\/p>\n<h3>\u00bfD\u00d3NDE ENVIAMOS TU INFORMACI\u00d3N?<\/h3>\n<p>Los comentarios pueden ser revisados por un sistema autom\u00e1tico de detecci\u00f3n de spam.<\/p>\n<p>[\/vc_column_text][\/vc_column][\/vc_row]<\/p>\n<\/section>","protected":false},"excerpt":{"rendered":"<p>[vc_row css=&#8221;.vc_custom_1613842677897{margin-top: -40px !important;}&#8221;][vc_column][vc_column_text] \u00bfQUI\u00c9N SOY? Soy Alicia Redondo, una gu\u00eda tur\u00edstica en Sevilla, Espa\u00f1a. \u00bfQU\u00c9 INFORMACI\u00d3N PERSONAL RECOGEMOS Y&#8230;<\/p>\n","protected":false},"author":2,"featured_media":0,"parent":0,"menu_order":0,"comment_status":"closed","ping_status":"closed","template":"","meta":{"footnotes":""},"_links":{"self":[{"href":"https:\/\/uniquesevillatours.com\/es\/wp-json\/wp\/v2\/pages\/282"}],"collection":[{"href":"https:\/\/uniquesevillatours.com\/es\/wp-json\/wp\/v2\/pages"}],"about":[{"href":"https:\/\/uniquesevillatours.com\/es\/wp-json\/wp\/v2\/types\/page"}],"author":[{"embeddable":true,"href":"https:\/\/uniquesevillatours.com\/es\/wp-json\/wp\/v2\/users\/2"}],"replies":[{"embeddable":true,"href":"https:\/\/uniquesevillatours.com\/es\/wp-json\/wp\/v2\/comments?post=282"}],"version-history":[{"count":11,"href":"https:\/\/uniquesevillatours.com\/es\/wp-json\/wp\/v2\/pages\/282\/revisions"}],"predecessor-version":[{"id":518,"href":"https:\/\/uniquesevillatours.com\/es\/wp-json\/wp\/v2\/pages\/282\/revisions\/518"}],"wp:attachment":[{"href":"https:\/\/uniquesevillatours.com\/es\/wp-json\/wp\/v2\/media?parent=282"}],"curies":[{"name":"wp","href":"https:\/\/api.w.org\/{rel}","templated":true}]}}