{"id":266,"date":"2021-03-08T13:05:27","date_gmt":"2021-03-08T12:05:27","guid":{"rendered":"http:\/\/uniquesevillatours.com\/questions-frequentes\/"},"modified":"2021-05-07T07:42:44","modified_gmt":"2021-05-07T06:42:44","slug":"faq","status":"publish","type":"page","link":"https:\/\/uniquesevillatours.com\/fr\/faq\/","title":{"rendered":"Questions fr\u00e9quentes"},"content":{"rendered":"<section class=\"wpb-content-wrapper\"><p>[vc_row css=&#8221;.vc_custom_1613842878698{margin-top: -40px !important;}&#8221;][vc_column][vc_column_text]<\/p>\n<h3>COMMENT FONCTIONNENT LES VISITES GUID\u00c9ES?<\/h3>\n<p>Toutes les visites guid\u00e9es se font \u00e0 pied. Le centre historique de S\u00e9ville est le plus grand d\u2019Espagne et l\u2019un des trois plus grands d\u2019Europe. Cependant, il est tr\u00e8s ais\u00e9 de s\u2019y d\u00e9placer \u00e0 pied. De plus, si besoin est, il toujours possible de faire une pause au cours de la visite.<\/p>\n<h3>HORAIRES ET POINT DE RENCONTRE<\/h3>\n<p>Nous commen\u00e7ons habituellement les visites depuis la Plaza del Triunfo, pr\u00e8s de la zone monumentale. Cependant, un autre point de rendez-vous peut \u00eatre convenu sur demande. L\u2019heure sera convenue par le guide et le client.<\/p>\n<h3>ACCES AUX MONUMENTS (BILLETS ET FILES D\u2019ATTENTE)<\/h3>\n<p>Les entr\u00e9es aux monuments ne sont pas incluses dans le prix des visites guid\u00e9es. Mon statut de guide accr\u00e9dit\u00e9 nous permet d\u2019avoir un acc\u00e8s pr\u00e9f\u00e9rentiel aux monuments et donc de ne pas attendre la file d\u2019attente g\u00e9n\u00e9rale.<\/p>\n<h3>POLITIQUE D\u2019ANNULATION<\/h3>\n<p>Les annulations doivent toujours \u00eatre communiqu\u00e9es via WhatsApp ou par courrier \u00e9lectronique. Les annulations r\u00e9alis\u00e9es moins de 48 heures \u00e0 l\u2019avance et les clients qui ne se pr\u00e9sentant pas aux visites n\u2019auront droit \u00e0 aucun remboursement, 100% du montant total des prestations sera factur\u00e9, ainsi que le montant total des billets d\u2019acc\u00e8s monuments pr\u00e9c\u00e9demment achet\u00e9s. Les annulations moins de 15 jours \u00e0 l\u2019avance seront factur\u00e9es \u00e0 hauteur de 50 \u20ac, ainsi que le montant total des billets d\u2019acc\u00e8s monuments pr\u00e9c\u00e9demment achet\u00e9s.<\/p>\n<p>[\/vc_column_text][\/vc_column][\/vc_row]<\/p>\n<\/section>","protected":false},"excerpt":{"rendered":"<p>[vc_row css=&#8221;.vc_custom_1613842878698{margin-top: -40px !important;}&#8221;][vc_column][vc_column_text] COMMENT FONCTIONNENT LES VISITES GUID\u00c9ES? Toutes les visites guid\u00e9es se font \u00e0 pied. Le centre historique&#8230;<\/p>\n","protected":false},"author":2,"featured_media":0,"parent":0,"menu_order":0,"comment_status":"closed","ping_status":"closed","template":"","meta":{"footnotes":""},"_links":{"self":[{"href":"https:\/\/uniquesevillatours.com\/fr\/wp-json\/wp\/v2\/pages\/266"}],"collection":[{"href":"https:\/\/uniquesevillatours.com\/fr\/wp-json\/wp\/v2\/pages"}],"about":[{"href":"https:\/\/uniquesevillatours.com\/fr\/wp-json\/wp\/v2\/types\/page"}],"author":[{"embeddable":true,"href":"https:\/\/uniquesevillatours.com\/fr\/wp-json\/wp\/v2\/users\/2"}],"replies":[{"embeddable":true,"href":"https:\/\/uniquesevillatours.com\/fr\/wp-json\/wp\/v2\/comments?post=266"}],"version-history":[{"count":3,"href":"https:\/\/uniquesevillatours.com\/fr\/wp-json\/wp\/v2\/pages\/266\/revisions"}],"predecessor-version":[{"id":269,"href":"https:\/\/uniquesevillatours.com\/fr\/wp-json\/wp\/v2\/pages\/266\/revisions\/269"}],"wp:attachment":[{"href":"https:\/\/uniquesevillatours.com\/fr\/wp-json\/wp\/v2\/media?parent=266"}],"curies":[{"name":"wp","href":"https:\/\/api.w.org\/{rel}","templated":true}]}}