{"id":272,"date":"2021-03-08T17:21:03","date_gmt":"2021-03-08T16:21:03","guid":{"rendered":"http:\/\/uniquesevillatours.com\/politique-de-confidentialite\/"},"modified":"2021-05-07T07:42:56","modified_gmt":"2021-05-07T06:42:56","slug":"privacy-policy","status":"publish","type":"page","link":"https:\/\/uniquesevillatours.com\/fr\/privacy-policy\/","title":{"rendered":"Politique de confidentialit\u00e9"},"content":{"rendered":"<section class=\"wpb-content-wrapper\"><p>[vc_row css=&#8221;.vc_custom_1613842677897{margin-top: -40px !important;}&#8221;][vc_column][vc_column_text]<\/p>\n<h3>QUI SUIS-JE<\/h3>\n<p>Je suis Alicia Redondo, une guide ind\u00e9pendante travaillant \u00e0 S\u00e9ville, en Espagne.<\/p>\n<h3>QUELLES DONNESS PERSONNELLES NOUS COLLECTONS ET PORQUOI NOUS LES COLLECTONS<\/h3>\n<h5>COMMENTAIRES<\/h5>\n<p>Lorsque les visiteurs laissent des commentaires sur le site, nous collectons les donn\u00e9es figurant dans le formulaire de commentaires, ainsi que l\u2019adresse IP du visiteur et la cha\u00eene de l\u2019agent utilisateur du navigateur afin de faciliter la d\u00e9tection du spam.<\/p>\n<p>Une cha\u00eene anonymis\u00e9e cr\u00e9\u00e9e \u00e0 partir de votre adresse e-mail (\u00e9galement appel\u00e9e hachage) peut \u00eatre fournie au service Gravatar pour voir si vous l\u2019utilisez. La politique de confidentialit\u00e9 du service Gravatar est disponible ici: <a href=\"https:\/\/automattic.com\/privacy\/\">https:\/\/automattic.com\/privacy\/<\/a>. Apr\u00e8s approbation de votre commentaire, votre photo de profil est visible par le public dans le contexte de votre commentaire.<\/p>\n<h5>MEDIA<\/h5>\n<p>Si vous t\u00e9l\u00e9chargez des images sur le site Web, \u00e9vitez de t\u00e9l\u00e9charger des images avec des donn\u00e9es de localisation int\u00e9gr\u00e9es (EXIF GPS) incluses. Les visiteurs du site Web peuvent t\u00e9l\u00e9charger et extraire toutes les donn\u00e9es de localisation des images du site.<\/p>\n<h5>FORMULAIRES DE CONTACT<\/h5>\n<p>Nous recueillons vos donn\u00e9es personnelles dans un syst\u00e8me priv\u00e9 et crypt\u00e9. Nous utiliserons ces informations uniquement pour vous contacter.<\/p>\n<h5>COOKIES<\/h5>\n<p>Si vous laissez un commentaire sur notre site, vous pouvez choisir d\u2019enregistrer votre nom, votre adresse email et votre site web dans des cookies. Celles-ci sont pour votre commodit\u00e9 afin que vous n\u2019ayez pas \u00e0 saisir vos informations \u00e0 nouveau lorsque vous laissez un autre commentaire. Ces cookies dureront un an.<\/p>\n<h3>AVEC QUI PARTAGEONS-NOUS VOS DONNEES?<\/h3>\n<p>Nous ne partageons vos donn\u00e9es avec personne.<\/p>\n<h3>COMBIEN DE TEMPS CONSERVONS-NOUS VOS DONNEES?<\/h3>\n<p>Si vous laissez un commentaire, le commentaire et ses m\u00e9tadonn\u00e9es sont conserv\u00e9s ind\u00e9finiment. Cela nous permet de reconna\u00eetre et d\u2019approuver automatiquement tous les commentaires de suivi au lieu de les conserver dans une file d\u2019attente de mod\u00e9ration.<br \/>Le formulaire de contact de collecte de donn\u00e9es fourni sera automatiquement supprim\u00e9 dans un d\u00e9lai d\u2019un an.<\/p>\n<h3>QUELS SONT VOS DROITS SUR VOS DONNEES?<\/h3>\n<p>Si vous avez laiss\u00e9 des commentaires, vous pouvez demander \u00e0 recevoir un fichier export\u00e9 des donn\u00e9es personnelles que nous d\u00e9tenons \u00e0 votre sujet, y compris les donn\u00e9es que vous nous avez fournies. Vous pouvez \u00e9galement demander que nous effacions toutes les donn\u00e9es personnelles que nous d\u00e9tenons \u00e0 votre sujet. Cela n\u2019inclut pas les donn\u00e9es que nous sommes oblig\u00e9s de conserver \u00e0 des fins administratives, juridiques ou de s\u00e9curit\u00e9.<br \/>Si vous souhaitez utiliser l\u2019un de vos droits, veuillez nous contacter \u00e0 l\u2019adresse <a href=\"mailto:web@uniquesevillatours.com\">web@uniquesevillatours.com<\/a>.<\/p>\n<h3>OU NOUS ENVOYONS VOS DONNEES?<\/h3>\n<p>Les commentaires des visiteurs peuvent \u00eatre v\u00e9rifi\u00e9s via un service automatis\u00e9 de d\u00e9tection de spam.<\/p>\n<p>[\/vc_column_text][\/vc_column][\/vc_row]<\/p>\n<\/section>","protected":false},"excerpt":{"rendered":"<p>[vc_row css=&#8221;.vc_custom_1613842677897{margin-top: -40px !important;}&#8221;][vc_column][vc_column_text] QUI SUIS-JE Je suis Alicia Redondo, une guide ind\u00e9pendante travaillant \u00e0 S\u00e9ville, en Espagne. QUELLES DONNESS&#8230;<\/p>\n","protected":false},"author":2,"featured_media":0,"parent":0,"menu_order":0,"comment_status":"closed","ping_status":"closed","template":"","meta":{"footnotes":""},"_links":{"self":[{"href":"https:\/\/uniquesevillatours.com\/fr\/wp-json\/wp\/v2\/pages\/272"}],"collection":[{"href":"https:\/\/uniquesevillatours.com\/fr\/wp-json\/wp\/v2\/pages"}],"about":[{"href":"https:\/\/uniquesevillatours.com\/fr\/wp-json\/wp\/v2\/types\/page"}],"author":[{"embeddable":true,"href":"https:\/\/uniquesevillatours.com\/fr\/wp-json\/wp\/v2\/users\/2"}],"replies":[{"embeddable":true,"href":"https:\/\/uniquesevillatours.com\/fr\/wp-json\/wp\/v2\/comments?post=272"}],"version-history":[{"count":19,"href":"https:\/\/uniquesevillatours.com\/fr\/wp-json\/wp\/v2\/pages\/272\/revisions"}],"predecessor-version":[{"id":517,"href":"https:\/\/uniquesevillatours.com\/fr\/wp-json\/wp\/v2\/pages\/272\/revisions\/517"}],"wp:attachment":[{"href":"https:\/\/uniquesevillatours.com\/fr\/wp-json\/wp\/v2\/media?parent=272"}],"curies":[{"name":"wp","href":"https:\/\/api.w.org\/{rel}","templated":true}]}}