{"id":288,"date":"2021-03-08T17:28:23","date_gmt":"2021-03-08T16:28:23","guid":{"rendered":"http:\/\/uniquesevillatours.com\/credits\/"},"modified":"2021-08-05T18:24:53","modified_gmt":"2021-08-05T17:24:53","slug":"credits","status":"publish","type":"page","link":"https:\/\/uniquesevillatours.com\/fr\/credits\/","title":{"rendered":"Credits"},"content":{"rendered":"<section class=\"wpb-content-wrapper\"><p>[vc_row css=&#8221;.vc_custom_1613842466341{margin-top: -40px !important;}&#8221;][vc_column width=&#8221;1\/2&#8243;][vc_column_text]<\/p>\n<h6>CONCEPTION ET MAINTENANCE PAR <a href=\"https:\/\/sleepingcoconut.com\/\">www.sleepingcoconut.com<\/a><\/h6>\n<p>[\/vc_column_text][\/vc_column][vc_column width=&#8221;1\/2&#8243;][vc_column_text]<\/p>\n<p>Les images ont \u00e9t\u00e9 utilis\u00e9es en respectant les licences respectives:<\/p>\n<p><a href=\"https:\/\/www.flickr.com\/photos\/vallausa\/\">Sandra Vallaure<\/a> sous <a href=\"https:\/\/creativecommons.org\/licenses\/by\/2.0\/\">Creative Commons Attribution 2.0 Generic<\/a><\/p>\n<p><a href=\"https:\/\/www.flickr.com\/photos\/e_n_gall\/\">Edmund Gall<\/a> sous <a href=\"https:\/\/creativecommons.org\/licenses\/by-sa\/2.0\/\">Creative Commons Attribution-ShareAlike 2.0 Generic<\/a><\/p>\n<p><a href=\"https:\/\/www.flickr.com\/photos\/carolemage\/\">Carole Raddato<\/a> sous <a href=\"https:\/\/creativecommons.org\/licenses\/by-sa\/2.0\/\">Creative Commons Attribution-ShareAlike 2.0 Generic<\/a><\/p>\n<p><a href=\"https:\/\/www.flickr.com\/photos\/mrshoes\/\">ijclark<\/a> sous <a href=\"https:\/\/creativecommons.org\/licenses\/by-nc\/2.0\/\">Creative Commons Attribution-NonCommercial 2.0 Generic<\/a><\/p>\n<p>[\/vc_column_text][\/vc_column][\/vc_row]<\/p>\n<\/section>","protected":false},"excerpt":{"rendered":"<p>[vc_row css=&#8221;.vc_custom_1613842466341{margin-top: -40px !important;}&#8221;][vc_column width=&#8221;1\/2&#8243;][vc_column_text] CONCEPTION ET MAINTENANCE PAR www.sleepingcoconut.com [\/vc_column_text][\/vc_column][vc_column width=&#8221;1\/2&#8243;][vc_column_text] Les images ont \u00e9t\u00e9 utilis\u00e9es en respectant les&#8230;<\/p>\n","protected":false},"author":2,"featured_media":0,"parent":0,"menu_order":0,"comment_status":"closed","ping_status":"closed","template":"","meta":{"footnotes":""},"_links":{"self":[{"href":"https:\/\/uniquesevillatours.com\/fr\/wp-json\/wp\/v2\/pages\/288"}],"collection":[{"href":"https:\/\/uniquesevillatours.com\/fr\/wp-json\/wp\/v2\/pages"}],"about":[{"href":"https:\/\/uniquesevillatours.com\/fr\/wp-json\/wp\/v2\/types\/page"}],"author":[{"embeddable":true,"href":"https:\/\/uniquesevillatours.com\/fr\/wp-json\/wp\/v2\/users\/2"}],"replies":[{"embeddable":true,"href":"https:\/\/uniquesevillatours.com\/fr\/wp-json\/wp\/v2\/comments?post=288"}],"version-history":[{"count":3,"href":"https:\/\/uniquesevillatours.com\/fr\/wp-json\/wp\/v2\/pages\/288\/revisions"}],"predecessor-version":[{"id":291,"href":"https:\/\/uniquesevillatours.com\/fr\/wp-json\/wp\/v2\/pages\/288\/revisions\/291"}],"wp:attachment":[{"href":"https:\/\/uniquesevillatours.com\/fr\/wp-json\/wp\/v2\/media?parent=288"}],"curies":[{"name":"wp","href":"https:\/\/api.w.org\/{rel}","templated":true}]}}